{"id":3,"date":"2024-12-17T15:11:48","date_gmt":"2024-12-17T15:11:48","guid":{"rendered":"https:\/\/advexio.com\/?page_id=3"},"modified":"2025-03-03T11:19:16","modified_gmt":"2025-03-03T11:19:16","slug":"privacy-policy","status":"publish","type":"page","link":"https:\/\/advexio.com\/pl\/privacy-policy\/","title":{"rendered":"Polityka prywatno\u015bci"},"content":{"rendered":"<p>W Advexio, dost\u0119pnej pod adresem advexio.com, dok\u0142adamy wszelkich stara\u0144, aby chroni\u0107 prywatno\u015b\u0107 u\u017cytkownik\u00f3w. Niniejsza Polityka prywatno\u015bci wyja\u015bnia, w jaki spos\u00f3b gromadzimy, wykorzystujemy i chronimy dane u\u017cytkownika podczas korzystania z naszej witryny internetowej i us\u0142ug. Korzystaj\u0105c z naszej witryny, u\u017cytkownik wyra\u017ca zgod\u0119 na praktyki okre\u015blone w niniejszej polityce. Wszelkie aktualizacje niniejszej polityki b\u0119d\u0105 publikowane na tej stronie.<\/p>\n\n\n\n<h3 class=\"wp-block-heading\">PODSUMOWANIE<\/h3>\n\n\n\n<ul class=\"wp-block-list\">\n<li><strong>Ochrona danych:<\/strong> Nie sprzedajemy, nie wydzier\u017cawiamy ani nie udost\u0119pniamy danych u\u017cytkownika stronom trzecim, chyba \u017ce u\u017cytkownik wyrazi na to wyra\u017an\u0105 zgod\u0119.<\/li>\n\n\n\n<li><strong>Zakaz spamowania:<\/strong> Nie spamujemy. Wszystkie wiadomo\u015bci od nas b\u0119d\u0105 istotne i b\u0119d\u0105 pochodzi\u0107 bezpo\u015brednio od Advexio.<\/li>\n\n\n\n<li><strong>Bezpiecze\u0144stwo p\u0142atno\u015bci:<\/strong> Nigdy nie uzyskamy dost\u0119pu do danych dotycz\u0105cych p\u0142atno\u015bci u\u017cytkownika bez jego wyra\u017anej zgody.<\/li>\n\n\n\n<li><strong>Zgodno\u015b\u0107 z RODO:<\/strong> U\u017cytkownik mo\u017ce zrezygnowa\u0107 z komunikacji marketingowej, za\u017c\u0105da\u0107 dost\u0119pu do swoich danych lub poprosi\u0107 o ich usuni\u0119cie.<\/li>\n<\/ul>\n\n\n\n<h3 class=\"wp-block-heading\">PROCESOR DANYCH<\/h3>\n\n\n\n<p>Jako podmiot przetwarzaj\u0105cy dane dla Advexio, firm\u0105 odpowiedzialn\u0105 za przetwarzanie i zarz\u0105dzanie danymi u\u017cytkownika jest:<\/p>\n\n\n\n<p><strong>Podmiot przetwarzaj\u0105cy dane:<\/strong> Luca Investment Sp. z o.o.<br><strong>Zarejestrowany adres:<\/strong> Ho\u017ca 86, lok. 210, Warszawa, kod pocztowy 00-682, Polska<br><strong>Numer rejestracyjny:<\/strong> 523193209<br><strong>Informacje kontaktowe:<\/strong><\/p>\n\n\n\n<p><strong>E-mail:<\/strong> <a href=\"mailto:info@advexio.com\">info@advexio.com<\/a><br><strong>Telefon:<\/strong> <a href=\"tel:48573503926\">+48573503926<\/a><\/p>\n\n\n\n<h3 class=\"wp-block-heading\">ROLA I OBOWI\u0104ZKI<\/h3>\n\n\n\n<p>Jako podmiot przetwarzaj\u0105cy dane, Luca Investment Sp. z o.o. zarz\u0105dza danymi osobowymi w imieniu Advexio zgodnie z obowi\u0105zuj\u0105cymi przepisami i regulacjami dotycz\u0105cymi ochrony danych. Obejmuje to:<\/p>\n\n\n\n<ul class=\"wp-block-list\">\n<li><strong>Gromadzenie i przetwarzanie danych:<\/strong> Gromadzenie i przetwarzanie danych osobowych zgodnie z nasz\u0105 Polityk\u0105 prywatno\u015bci i zgodnie z instrukcjami dostarczonymi przez Advexio.<\/li>\n\n\n\n<li><strong>Bezpiecze\u0144stwo danych:<\/strong> Podejmowanie niezb\u0119dnych \u015brodk\u00f3w technicznych i organizacyjnych w celu ochrony bezpiecze\u0144stwa i poufno\u015bci danych osobowych.<\/li>\n\n\n\n<li><strong>Przechowywanie i usuwanie danych:<\/strong> Zarz\u0105dzanie okresami przechowywania danych i zapewnienie, \u017ce dane osobowe s\u0105 usuwane lub anonimizowane na \u017c\u0105danie lub gdy nie s\u0105 ju\u017c potrzebne.<\/li>\n<\/ul>\n\n\n\n<h3 class=\"wp-block-heading\">ZGODNO\u015a\u0106<\/h3>\n\n\n\n<p>Luca Investment Sp. z o.o. dok\u0142ada wszelkich stara\u0144, aby zapewni\u0107 zgodno\u015b\u0107 ze wszystkimi odpowiednimi przepisami dotycz\u0105cymi ochrony danych, w tym mi\u0119dzy innymi z og\u00f3lnym rozporz\u0105dzeniem o ochronie danych (RODO) i innymi obowi\u0105zuj\u0105cymi przepisami dotycz\u0105cymi ochrony danych.<\/p>\n\n\n\n<p>W przypadku jakichkolwiek pyta\u0144 dotycz\u0105cych danych osobowych lub naszych praktyk przetwarzania danych, prosimy o skorzystanie z danych kontaktowych podanych powy\u017cej.<\/p>\n\n\n\n<h3 class=\"wp-block-heading\">JAK POST\u0118PUJEMY Z DANYMI OSOBOWYMI U\u017bYTKOWNIKA<\/h3>\n\n\n\n<h3 class=\"wp-block-heading\">Gromadzenie i wykorzystywanie danych<\/h3>\n\n\n\n<p>Luca Investment Sp. z o.o. zobowi\u0105zuje si\u0119 do ochrony danych osobowych u\u017cytkownik\u00f3w. Gromadzone przez nas informacje s\u0105 wykorzystywane wy\u0142\u0105cznie do ulepszania i \u015bwiadczenia naszych us\u0142ug. Nie sprzedajemy, nie wypo\u017cyczamy ani nie udost\u0119pniamy danych osobowych u\u017cytkownik\u00f3w bez ich zgody.<\/p>\n\n\n\n<h3 class=\"wp-block-heading\">Komunikacja<\/h3>\n\n\n\n<p>Mo\u017cemy kontaktowa\u0107 si\u0119 z u\u017cytkownikiem za po\u015brednictwem poczty elektronicznej lub innych kana\u0142\u00f3w komunikacji w sprawie jego konta, naszych us\u0142ug i wa\u017cnych aktualizacji zwi\u0105zanych z jego zaanga\u017cowaniem. Komunikacja ta jest niezb\u0119dna do \u015bwiadczenia naszych us\u0142ug i nie b\u0119dzie wykorzystywana do niezam\u00f3wionych cel\u00f3w promocyjnych.<\/p>\n\n\n\n<h3 class=\"wp-block-heading\">INFORMACJE, KT\u00d3RE ZBIERAMY<\/h3>\n\n\n\n<h3 class=\"wp-block-heading\">Rodzaje informacji<\/h3>\n\n\n\n<p>Podczas interakcji z nasz\u0105 witryn\u0105 internetow\u0105 lub us\u0142ugami gromadzimy kilka rodzaj\u00f3w informacji, w tym:<\/p>\n\n\n\n<ul class=\"wp-block-list\">\n<li><strong>Osobiste informacje identyfikacyjne<\/strong>: Obejmuje to takie dane, jak imi\u0119 i nazwisko, adres e-mail, numer telefonu i wszelkie inne informacje podane za po\u015brednictwem formularzy lub podczas interakcji na naszej stronie internetowej.<\/li>\n\n\n\n<li><strong>Informacje biznesowe<\/strong>: Informacje zwi\u0105zane z celami biznesowymi lub marketingowymi u\u017cytkownika pomagaj\u0105 nam dostosowa\u0107 nasze us\u0142ugi do jego potrzeb.<\/li>\n<\/ul>\n\n\n\n<h3 class=\"wp-block-heading\">Metody gromadzenia danych<\/h3>\n\n\n\n<p>Gromadzimy informacje o u\u017cytkownikach za pomoc\u0105 nast\u0119puj\u0105cych metod:<\/p>\n\n\n\n<ul class=\"wp-block-list\">\n<li><strong>Formularze i rejestracje<\/strong>: Informacje podawane podczas wype\u0142niania formularzy na naszej stronie internetowej lub przesy\u0142ania danych do cel\u00f3w serwisowych lub marketingowych.<\/li>\n\n\n\n<li><strong>Bezpo\u015brednie interakcje<\/strong>: Informacje zebrane w wyniku bezpo\u015bredniej komunikacji z naszym zespo\u0142em, takim jak dzia\u0142 obs\u0142ugi klienta lub dzia\u0142 zarz\u0105dzania kontem.<\/li>\n<\/ul>\n\n\n\n<h3 class=\"wp-block-heading\">W JAKI SPOS\u00d3B WYKORZYSTUJEMY INFORMACJE O U\u017bYTKOWNIKU<\/h3>\n\n\n\n<h3 class=\"wp-block-heading\">Cele u\u017cytkowania<\/h3>\n\n\n\n<p>Gromadzone przez nas informacje s\u0105 wykorzystywane do nast\u0119puj\u0105cych cel\u00f3w:<\/p>\n\n\n\n<ul class=\"wp-block-list\">\n<li><strong>Spersonalizuj swoje do\u015bwiadczenie<\/strong>: Dostosowywanie naszych us\u0142ug i komunikacji do preferencji i potrzeb u\u017cytkownik\u00f3w.<\/li>\n\n\n\n<li><strong>Ulepsz nasz\u0105 stron\u0119 internetow\u0105<\/strong>: Wykorzystywanie opinii u\u017cytkownik\u00f3w i interakcji z witryn\u0105 w celu poprawy jej funkcjonalno\u015bci i og\u00f3lnego komfortu u\u017cytkowania.<\/li>\n\n\n\n<li><strong>Lepsza obs\u0142uga klienta<\/strong>: Sprawniejsze odpowiadanie na zapytania i pro\u015bby o us\u0142ugi.<\/li>\n\n\n\n<li><strong>Zarz\u0105dzanie promocjami i ankietami<\/strong>: Organizowanie konkurs\u00f3w, promocji, ankiet i innych interaktywnych funkcji witryny.<\/li>\n\n\n\n<li><strong>Wysy\u0142aj regularne aktualizacje<\/strong>: B\u0119dziemy informowa\u0107 u\u017cytkownika o istotnych nowo\u015bciach, aktualizacjach us\u0142ug i innych informacjach dotycz\u0105cych naszej oferty.<\/li>\n<\/ul>\n\n\n\n<h3 class=\"wp-block-heading\">PLIKI COOKIE I TECHNOLOGIE \u015aLEDZENIA<\/h3>\n\n\n\n<h3 class=\"wp-block-heading\">Korzystanie z plik\u00f3w cookie<\/h3>\n\n\n\n<p>U\u017cywamy plik\u00f3w cookie i podobnych technologii, aby poprawi\u0107 komfort przegl\u0105dania. Pliki cookie to ma\u0142e pliki tekstowe umieszczane na urz\u0105dzeniu u\u017cytkownika, kt\u00f3re pozwalaj\u0105 nam monitorowa\u0107 korzystanie z witryny i interakcje u\u017cytkownika, umo\u017cliwiaj\u0105c nam dostarczanie spersonalizowanych tre\u015bci i ulepszanie naszych us\u0142ug.<\/p>\n\n\n\n<h3 class=\"wp-block-heading\">Zarz\u0105dzanie plikami cookie<\/h3>\n\n\n\n<p>Mo\u017cesz kontrolowa\u0107 lub wy\u0142\u0105czy\u0107 pliki cookie, dostosowuj\u0105c ustawienia przegl\u0105darki. Wy\u0142\u0105czenie plik\u00f3w cookie mo\u017ce jednak ograniczy\u0107 niekt\u00f3re funkcje witryny.<\/p>\n\n\n\n<h3 class=\"wp-block-heading\">UJAWNIANIE INFORMACJI<\/h3>\n\n\n\n<h3 class=\"wp-block-heading\">Udost\u0119pnianie stronom trzecim<\/h3>\n\n\n\n<p>Nie sprzedajemy, nie wymieniamy ani nie udost\u0119pniamy danych osobowych u\u017cytkownik\u00f3w podmiotom zewn\u0119trznym, z wyj\u0105tkiem przypadk\u00f3w okre\u015blonych w niniejszych zasadach. Mo\u017cemy udost\u0119pnia\u0107 dane u\u017cytkownika<\/p>\n\n\n\n<ul class=\"wp-block-list\">\n<li><strong>Dostawcy us\u0142ug<\/strong>: Wiarygodni partnerzy zewn\u0119trzni, kt\u00f3rzy pomagaj\u0105 w obs\u0142udze naszej witryny lub \u015bwiadczeniu us\u0142ug, zwi\u0105zani \u015bcis\u0142ymi umowami o zachowaniu poufno\u015bci.<\/li>\n\n\n\n<li><strong>Wymogi prawne<\/strong>: W przypadkach, w kt\u00f3rych jeste\u015bmy do tego prawnie zobowi\u0105zani, w celu przestrzegania przepis\u00f3w, egzekwowania naszych zasad lub ochrony praw i bezpiecze\u0144stwa Luca Investment Sp. z O.O. i innych os\u00f3b.<\/li>\n<\/ul>\n\n\n\n<h3 class=\"wp-block-heading\">Informacje niepozwalaj\u0105ce na identyfikacj\u0119 osoby<\/h3>\n\n\n\n<p>Mo\u017cemy ujawnia\u0107 zagregowane lub nieosobowe dane stronom trzecim w celach marketingowych, reklamowych lub analizy danych.<\/p>\n\n\n\n<h3 class=\"wp-block-heading\">LINKI DO STRON OS\u00d3B TRZECICH<\/h3>\n\n\n\n<p>Dla wygody u\u017cytkownik\u00f3w nasza witryna mo\u017ce zawiera\u0107 \u0142\u0105cza do witryn zewn\u0119trznych. \u0141\u0105cza te nie oznaczaj\u0105, \u017ce popieramy lub ponosimy odpowiedzialno\u015b\u0107 za tre\u015bci lub praktyki tych witryn stron trzecich. Zalecamy zapoznanie si\u0119 z polityk\u0105 prywatno\u015bci ka\u017cdej witryny odwiedzanej za po\u015brednictwem tych link\u00f3w.<\/p>\n\n\n\n<h3 class=\"wp-block-heading\">TYLKO POLITYKA PRYWATNO\u015aCI ONLINE<\/h3>\n\n\n\n<p>Niniejsza polityka prywatno\u015bci dotyczy wy\u0142\u0105cznie informacji gromadzonych za po\u015brednictwem naszej strony internetowej i nie obejmuje danych gromadzonych za po\u015brednictwem innych kana\u0142\u00f3w lub offline.<\/p>\n\n\n\n<h3 class=\"wp-block-heading\">WARUNKI U\u017bYTKOWANIA<\/h3>\n\n\n\n<p>Wi\u0119cej informacji na temat korzystania z naszej strony internetowej, w tym zrzeczenia si\u0119 odpowiedzialno\u015bci i ograniczenia odpowiedzialno\u015bci, mo\u017cna znale\u017a\u0107 w naszych Warunkach u\u017cytkowania.<\/p>\n\n\n\n<h3 class=\"wp-block-heading\">TWOJA ZGODA<\/h3>\n\n\n\n<p>Uzyskuj\u0105c dost\u0119p do naszej witryny internetowej i korzystaj\u0105c z niej, u\u017cytkownik wyra\u017ca zgod\u0119 na praktyki w zakresie ochrony prywatno\u015bci okre\u015blone w niniejszej polityce.<\/p>\n\n\n\n<h3 class=\"wp-block-heading\">ZMIANY W NINIEJSZEJ POLITYCE<\/h3>\n\n\n\n<p>Od czasu do czasu mo\u017cemy aktualizowa\u0107 niniejsz\u0105 polityk\u0119 prywatno\u015bci. Najnowsza wersja zostanie opublikowana na tej stronie, z dat\u0105 \"Ostatnia aktualizacja\" odzwierciedlaj\u0105c\u0105 najnowsze zmiany.<\/p>\n\n\n\n<h3 class=\"wp-block-heading\">KONTAKT<\/h3>\n\n\n\n<p>Je\u015bli masz jakiekolwiek pytania dotycz\u0105ce niniejszej polityki prywatno\u015bci lub naszych praktyk w zakresie danych, skontaktuj si\u0119 z nami:<\/p>\n\n\n\n<ul class=\"wp-block-list\">\n<li>E-mail: <a href=\"mailto:info@advexio.com\">info@advexio.com<\/a><\/li>\n\n\n\n<li>Telefon: <a href=\"tel:48573503926\">+48573503926<\/a><\/li>\n\n\n\n<li>Strona internetowa: <a href=\"https:\/\/advexio.com\/pl\/\">advexio.com<\/a><\/li>\n<\/ul>\n\n\n\n<p><\/p>","protected":false},"excerpt":{"rendered":"<p>At Advexio, accessible from advexio.com, we are committed to protecting your privacy. This Privacy Policy explains how we gather, utilize, and safeguard your data when you engage with our website and services. You agree to the practices outlined in this policy by using our site. Any updates to this policy will be posted on this [&hellip;]<\/p>","protected":false},"author":1,"featured_media":0,"parent":0,"menu_order":0,"comment_status":"closed","ping_status":"open","template":"templates-pages\/policy-template.php","meta":{"_acf_changed":false,"inline_featured_image":false,"footnotes":""},"class_list":["post-3","page","type-page","status-publish","hentry"],"acf":[],"yoast_head":"<!-- This site is optimized with the Yoast SEO plugin v24.1 - https:\/\/yoast.com\/wordpress\/plugins\/seo\/ -->\n<title>Privacy Policy - Advexio<\/title>\n<meta name=\"robots\" content=\"index, follow, max-snippet:-1, max-image-preview:large, max-video-preview:-1\" \/>\n<link rel=\"canonical\" href=\"https:\/\/advexio.com\/pl\/privacy-policy\/\" \/>\n<meta property=\"og:locale\" content=\"pl_PL\" \/>\n<meta property=\"og:type\" content=\"article\" \/>\n<meta property=\"og:title\" content=\"Privacy Policy - Advexio\" \/>\n<meta property=\"og:description\" content=\"At Advexio, accessible from advexio.com, we are committed to protecting your privacy. This Privacy Policy explains how we gather, utilize, and safeguard your data when you engage with our website and services. You agree to the practices outlined in this policy by using our site. Any updates to this policy will be posted on this [&hellip;]\" \/>\n<meta property=\"og:url\" content=\"https:\/\/advexio.com\/pl\/privacy-policy\/\" \/>\n<meta property=\"og:site_name\" content=\"Advexio\" \/>\n<meta property=\"article:modified_time\" content=\"2025-03-03T11:19:16+00:00\" \/>\n<meta property=\"og:image\" content=\"https:\/\/advexio.com\/wp-content\/uploads\/2025\/03\/1024-\u00d7-517.png\" \/>\n\t<meta property=\"og:image:width\" content=\"1024\" \/>\n\t<meta property=\"og:image:height\" content=\"512\" \/>\n\t<meta property=\"og:image:type\" content=\"image\/png\" \/>\n<meta name=\"twitter:card\" content=\"summary_large_image\" \/>\n<meta name=\"twitter:image\" content=\"https:\/\/advexio.com\/wp-content\/uploads\/2025\/03\/1024-\u00d7-517.png\" \/>\n<meta name=\"twitter:label1\" content=\"Szacowany czas czytania\" \/>\n\t<meta name=\"twitter:data1\" content=\"5 minut\" \/>\n<script type=\"application\/ld+json\" class=\"yoast-schema-graph\">{\"@context\":\"https:\/\/schema.org\",\"@graph\":[{\"@type\":\"WebPage\",\"@id\":\"https:\/\/advexio.com\/privacy-policy\/\",\"url\":\"https:\/\/advexio.com\/privacy-policy\/\",\"name\":\"Privacy Policy - Advexio\",\"isPartOf\":{\"@id\":\"https:\/\/advexio.com\/#website\"},\"datePublished\":\"2024-12-17T15:11:48+00:00\",\"dateModified\":\"2025-03-03T11:19:16+00:00\",\"breadcrumb\":{\"@id\":\"https:\/\/advexio.com\/privacy-policy\/#breadcrumb\"},\"inLanguage\":\"pl-PL\",\"potentialAction\":[{\"@type\":\"ReadAction\",\"target\":[\"https:\/\/advexio.com\/privacy-policy\/\"]}]},{\"@type\":\"BreadcrumbList\",\"@id\":\"https:\/\/advexio.com\/privacy-policy\/#breadcrumb\",\"itemListElement\":[{\"@type\":\"ListItem\",\"position\":1,\"name\":\"Home\",\"item\":\"https:\/\/advexio.com\/\"},{\"@type\":\"ListItem\",\"position\":2,\"name\":\"Privacy Policy\"}]},{\"@type\":\"WebSite\",\"@id\":\"https:\/\/advexio.com\/#website\",\"url\":\"https:\/\/advexio.com\/\",\"name\":\"Advexio\",\"description\":\"\",\"potentialAction\":[{\"@type\":\"SearchAction\",\"target\":{\"@type\":\"EntryPoint\",\"urlTemplate\":\"https:\/\/advexio.com\/?s={search_term_string}\"},\"query-input\":{\"@type\":\"PropertyValueSpecification\",\"valueRequired\":true,\"valueName\":\"search_term_string\"}}],\"inLanguage\":\"pl-PL\"}]}<\/script>\n<!-- \/ Yoast SEO plugin. -->","yoast_head_json":{"title":"Privacy Policy - Advexio","robots":{"index":"index","follow":"follow","max-snippet":"max-snippet:-1","max-image-preview":"max-image-preview:large","max-video-preview":"max-video-preview:-1"},"canonical":"https:\/\/advexio.com\/pl\/privacy-policy\/","og_locale":"pl_PL","og_type":"article","og_title":"Privacy Policy - Advexio","og_description":"At Advexio, accessible from advexio.com, we are committed to protecting your privacy. This Privacy Policy explains how we gather, utilize, and safeguard your data when you engage with our website and services. You agree to the practices outlined in this policy by using our site. Any updates to this policy will be posted on this [&hellip;]","og_url":"https:\/\/advexio.com\/pl\/privacy-policy\/","og_site_name":"Advexio","article_modified_time":"2025-03-03T11:19:16+00:00","og_image":[{"width":1024,"height":512,"url":"https:\/\/advexio.com\/wp-content\/uploads\/2025\/03\/1024-\u00d7-517.png","type":"image\/png"}],"twitter_card":"summary_large_image","twitter_image":"https:\/\/advexio.com\/wp-content\/uploads\/2025\/03\/1024-\u00d7-517.png","twitter_misc":{"Szacowany czas czytania":"5 minut"},"schema":{"@context":"https:\/\/schema.org","@graph":[{"@type":"WebPage","@id":"https:\/\/advexio.com\/privacy-policy\/","url":"https:\/\/advexio.com\/privacy-policy\/","name":"Privacy Policy - Advexio","isPartOf":{"@id":"https:\/\/advexio.com\/#website"},"datePublished":"2024-12-17T15:11:48+00:00","dateModified":"2025-03-03T11:19:16+00:00","breadcrumb":{"@id":"https:\/\/advexio.com\/privacy-policy\/#breadcrumb"},"inLanguage":"pl-PL","potentialAction":[{"@type":"ReadAction","target":["https:\/\/advexio.com\/privacy-policy\/"]}]},{"@type":"BreadcrumbList","@id":"https:\/\/advexio.com\/privacy-policy\/#breadcrumb","itemListElement":[{"@type":"ListItem","position":1,"name":"Home","item":"https:\/\/advexio.com\/"},{"@type":"ListItem","position":2,"name":"Privacy Policy"}]},{"@type":"WebSite","@id":"https:\/\/advexio.com\/#website","url":"https:\/\/advexio.com\/","name":"Advexio","description":"","potentialAction":[{"@type":"SearchAction","target":{"@type":"EntryPoint","urlTemplate":"https:\/\/advexio.com\/?s={search_term_string}"},"query-input":{"@type":"PropertyValueSpecification","valueRequired":true,"valueName":"search_term_string"}}],"inLanguage":"pl-PL"}]}},"_links":{"self":[{"href":"https:\/\/advexio.com\/pl\/wp-json\/wp\/v2\/pages\/3","targetHints":{"allow":["GET"]}}],"collection":[{"href":"https:\/\/advexio.com\/pl\/wp-json\/wp\/v2\/pages"}],"about":[{"href":"https:\/\/advexio.com\/pl\/wp-json\/wp\/v2\/types\/page"}],"author":[{"embeddable":true,"href":"https:\/\/advexio.com\/pl\/wp-json\/wp\/v2\/users\/1"}],"replies":[{"embeddable":true,"href":"https:\/\/advexio.com\/pl\/wp-json\/wp\/v2\/comments?post=3"}],"version-history":[{"count":4,"href":"https:\/\/advexio.com\/pl\/wp-json\/wp\/v2\/pages\/3\/revisions"}],"predecessor-version":[{"id":171,"href":"https:\/\/advexio.com\/pl\/wp-json\/wp\/v2\/pages\/3\/revisions\/171"}],"wp:attachment":[{"href":"https:\/\/advexio.com\/pl\/wp-json\/wp\/v2\/media?parent=3"}],"curies":[{"name":"wp","href":"https:\/\/api.w.org\/{rel}","templated":true}]}}