{"id":15,"date":"2024-12-17T15:59:42","date_gmt":"2024-12-17T15:59:42","guid":{"rendered":"https:\/\/advexio.com\/?page_id=15"},"modified":"2025-03-03T11:19:32","modified_gmt":"2025-03-03T11:19:32","slug":"refund-policy","status":"publish","type":"page","link":"https:\/\/advexio.com\/it\/refund-policy\/","title":{"rendered":"Politica di rimborso"},"content":{"rendered":"<h3 class=\"wp-block-heading\">INTRODUZIONE<\/h3>\n\n\n\n<p>Luca Investment Sp. z O.O. e il suo marchio Advexio si impegnano a fornire servizi di alta qualit\u00e0 e trasparenza. Vi invitiamo a prendere visione della nostra politica di rimborso, che illustra il nostro approccio ai pagamenti, alle cancellazioni dei servizi e all'insoddisfazione per i nostri servizi.<\/p>\n\n\n\n<h3 class=\"wp-block-heading\">NESSUN RIMBORSO<\/h3>\n\n\n\n<p>In generale, non offriamo rimborsi una volta effettuato il pagamento. Una volta approvata la portata dei servizi, firmato il contratto e saldata la fattura, forniremo i servizi nella loro interezza come concordato, anche se non ne avrete pi\u00f9 bisogno.<\/p>\n\n\n\n<h3 class=\"wp-block-heading\">PAGAMENTI ERRATI<\/h3>\n\n\n\n<p>Se per errore si effettuano pagamenti doppi per la stessa fattura o si paga una fattura in eccesso, verr\u00e0 effettuato un rimborso per l'importo pagato in pi\u00f9. Se ritenete che ci\u00f2 sia accaduto, contattateci tempestivamente e rivedremo il pagamento per assicurarci che il pagamento in eccesso venga rimborsato.<\/p>\n\n\n\n<h3 class=\"wp-block-heading\">CANCELLAZIONE DEL SERVIZIO<\/h3>\n\n\n\n<p>Una volta concordati i servizi, pagata la fattura e confermata la portata del lavoro, non si accettano cancellazioni. Il nostro impegno \u00e8 quello di fornire i servizi concordati nella loro interezza, indipendentemente da qualsiasi cambiamento delle circostanze dopo il pagamento.<\/p>\n\n\n\n<h3 class=\"wp-block-heading\">INSODDISFAZIONE PER LA QUALIT\u00c0 DEL SERVIZIO<\/h3>\n\n\n\n<p>Se non siete soddisfatti della qualit\u00e0 o dell'efficacia dei nostri servizi, siamo disponibili a discutere il problema. Per procedere, \u00e8 necessario fornire dettagli specifici e casi di prestazioni che dimostrino la vostra insoddisfazione. Esamineremo i vostri dubbi e faremo il possibile per adeguare i nostri servizi alle vostre aspettative. Tuttavia, \u00e8 essenziale notare che la sola insoddisfazione non \u00e8 motivo di rimborso.<\/p>\n\n\n\n<h3 class=\"wp-block-heading\">FORZA MAGGIORE<\/h3>\n\n\n\n<p>Se si verificano eventi imprevisti o circostanze al di fuori del nostro controllo (forza maggiore), vi preghiamo di comunicarcelo per iscritto il prima possibile. Esamineremo ogni caso in modo indipendente e apporteremo le modifiche necessarie. Se le condizioni esterne ci impediscono di fornire il servizio nella sua interezza, adegueremo il nostro programma al meglio delle nostre possibilit\u00e0 e ci impegneremo a completare il servizio non appena possibile.<\/p>\n\n\n\n<h3 class=\"wp-block-heading\">CONTATTO<\/h3>\n\n\n\n<p>In caso di domande relative a rimborsi, pagamenti errati o qualsiasi altro problema relativo a questa politica, si prega di contattarci all'indirizzo:<\/p>\n\n\n\n<ul class=\"wp-block-list\">\n<li><strong>E-mail:<\/strong> <a href=\"mailto:info@advexio.com\">info@advexio.com<\/a><\/li>\n\n\n\n<li><strong>Telefono:<\/strong> <a href=\"tel:48573503926\">+48573503926<\/a><\/li>\n\n\n\n<li><strong>Sito web:<\/strong> <a href=\"https:\/\/advexio.com\/it\/\">advexio.com<\/a><\/li>\n<\/ul>\n\n\n\n<p>Siamo qui per assistervi e garantire chiarezza su qualsiasi questione relativa alla nostra politica di rimborso.<\/p>\n\n\n\n<h3 class=\"wp-block-heading\">CONCLUSIONE<\/h3>\n\n\n\n<p>Lavorando con Advexio, l'utente riconosce e accetta i termini di questa politica di rimborso. Il nostro obiettivo \u00e8 quello di fornire un servizio eccezionale e siamo sempre disponibili a discutere di qualsiasi dubbio che possiate avere in merito alla fornitura dei nostri servizi.<\/p>\n\n\n\n<p><\/p>","protected":false},"excerpt":{"rendered":"<p>INTRODUCTION Luca Investment Sp. z O.O. and its brand Advexio are committed to providing high-quality services and transparency. Please review our refund policy, which outlines our approach regarding payments, service cancellations, and dissatisfaction with our services. NO REFUNDS Generally, we do not offer refunds once payments have been made. Once you have approved the scope [&hellip;]<\/p>","protected":false},"author":1,"featured_media":0,"parent":0,"menu_order":0,"comment_status":"closed","ping_status":"closed","template":"templates-pages\/policy-template.php","meta":{"_acf_changed":false,"inline_featured_image":false,"footnotes":""},"class_list":["post-15","page","type-page","status-publish","hentry"],"acf":[],"yoast_head":"<!-- This site is optimized with the Yoast SEO plugin v24.1 - https:\/\/yoast.com\/wordpress\/plugins\/seo\/ -->\n<title>Refund Policy - Advexio<\/title>\n<meta name=\"robots\" content=\"index, follow, max-snippet:-1, max-image-preview:large, max-video-preview:-1\" \/>\n<link rel=\"canonical\" href=\"https:\/\/advexio.com\/it\/refund-policy\/\" \/>\n<meta property=\"og:locale\" content=\"it_IT\" \/>\n<meta property=\"og:type\" content=\"article\" \/>\n<meta property=\"og:title\" content=\"Refund Policy - Advexio\" \/>\n<meta property=\"og:description\" content=\"INTRODUCTION Luca Investment Sp. z O.O. and its brand Advexio are committed to providing high-quality services and transparency. Please review our refund policy, which outlines our approach regarding payments, service cancellations, and dissatisfaction with our services. NO REFUNDS Generally, we do not offer refunds once payments have been made. Once you have approved the scope [&hellip;]\" \/>\n<meta property=\"og:url\" content=\"https:\/\/advexio.com\/it\/refund-policy\/\" \/>\n<meta property=\"og:site_name\" content=\"Advexio\" \/>\n<meta property=\"article:modified_time\" content=\"2025-03-03T11:19:32+00:00\" \/>\n<meta property=\"og:image\" content=\"https:\/\/advexio.com\/wp-content\/uploads\/2025\/03\/1024-\u00d7-517.png\" \/>\n\t<meta property=\"og:image:width\" content=\"1024\" \/>\n\t<meta property=\"og:image:height\" content=\"512\" \/>\n\t<meta property=\"og:image:type\" content=\"image\/png\" \/>\n<meta name=\"twitter:card\" content=\"summary_large_image\" \/>\n<meta name=\"twitter:image\" content=\"https:\/\/advexio.com\/wp-content\/uploads\/2025\/03\/1024-\u00d7-517.png\" \/>\n<meta name=\"twitter:label1\" content=\"Tempo di lettura stimato\" \/>\n\t<meta name=\"twitter:data1\" content=\"2 minuti\" \/>\n<script type=\"application\/ld+json\" class=\"yoast-schema-graph\">{\"@context\":\"https:\/\/schema.org\",\"@graph\":[{\"@type\":\"WebPage\",\"@id\":\"https:\/\/advexio.com\/refund-policy\/\",\"url\":\"https:\/\/advexio.com\/refund-policy\/\",\"name\":\"Refund Policy - Advexio\",\"isPartOf\":{\"@id\":\"https:\/\/advexio.com\/#website\"},\"datePublished\":\"2024-12-17T15:59:42+00:00\",\"dateModified\":\"2025-03-03T11:19:32+00:00\",\"breadcrumb\":{\"@id\":\"https:\/\/advexio.com\/refund-policy\/#breadcrumb\"},\"inLanguage\":\"it-IT\",\"potentialAction\":[{\"@type\":\"ReadAction\",\"target\":[\"https:\/\/advexio.com\/refund-policy\/\"]}]},{\"@type\":\"BreadcrumbList\",\"@id\":\"https:\/\/advexio.com\/refund-policy\/#breadcrumb\",\"itemListElement\":[{\"@type\":\"ListItem\",\"position\":1,\"name\":\"Home\",\"item\":\"https:\/\/advexio.com\/\"},{\"@type\":\"ListItem\",\"position\":2,\"name\":\"Refund Policy\"}]},{\"@type\":\"WebSite\",\"@id\":\"https:\/\/advexio.com\/#website\",\"url\":\"https:\/\/advexio.com\/\",\"name\":\"Advexio\",\"description\":\"\",\"potentialAction\":[{\"@type\":\"SearchAction\",\"target\":{\"@type\":\"EntryPoint\",\"urlTemplate\":\"https:\/\/advexio.com\/?s={search_term_string}\"},\"query-input\":{\"@type\":\"PropertyValueSpecification\",\"valueRequired\":true,\"valueName\":\"search_term_string\"}}],\"inLanguage\":\"it-IT\"}]}<\/script>\n<!-- \/ Yoast SEO plugin. -->","yoast_head_json":{"title":"Refund Policy - Advexio","robots":{"index":"index","follow":"follow","max-snippet":"max-snippet:-1","max-image-preview":"max-image-preview:large","max-video-preview":"max-video-preview:-1"},"canonical":"https:\/\/advexio.com\/it\/refund-policy\/","og_locale":"it_IT","og_type":"article","og_title":"Refund Policy - Advexio","og_description":"INTRODUCTION Luca Investment Sp. z O.O. and its brand Advexio are committed to providing high-quality services and transparency. Please review our refund policy, which outlines our approach regarding payments, service cancellations, and dissatisfaction with our services. NO REFUNDS Generally, we do not offer refunds once payments have been made. Once you have approved the scope [&hellip;]","og_url":"https:\/\/advexio.com\/it\/refund-policy\/","og_site_name":"Advexio","article_modified_time":"2025-03-03T11:19:32+00:00","og_image":[{"width":1024,"height":512,"url":"https:\/\/advexio.com\/wp-content\/uploads\/2025\/03\/1024-\u00d7-517.png","type":"image\/png"}],"twitter_card":"summary_large_image","twitter_image":"https:\/\/advexio.com\/wp-content\/uploads\/2025\/03\/1024-\u00d7-517.png","twitter_misc":{"Tempo di lettura stimato":"2 minuti"},"schema":{"@context":"https:\/\/schema.org","@graph":[{"@type":"WebPage","@id":"https:\/\/advexio.com\/refund-policy\/","url":"https:\/\/advexio.com\/refund-policy\/","name":"Refund Policy - Advexio","isPartOf":{"@id":"https:\/\/advexio.com\/#website"},"datePublished":"2024-12-17T15:59:42+00:00","dateModified":"2025-03-03T11:19:32+00:00","breadcrumb":{"@id":"https:\/\/advexio.com\/refund-policy\/#breadcrumb"},"inLanguage":"it-IT","potentialAction":[{"@type":"ReadAction","target":["https:\/\/advexio.com\/refund-policy\/"]}]},{"@type":"BreadcrumbList","@id":"https:\/\/advexio.com\/refund-policy\/#breadcrumb","itemListElement":[{"@type":"ListItem","position":1,"name":"Home","item":"https:\/\/advexio.com\/"},{"@type":"ListItem","position":2,"name":"Refund Policy"}]},{"@type":"WebSite","@id":"https:\/\/advexio.com\/#website","url":"https:\/\/advexio.com\/","name":"Advexio","description":"","potentialAction":[{"@type":"SearchAction","target":{"@type":"EntryPoint","urlTemplate":"https:\/\/advexio.com\/?s={search_term_string}"},"query-input":{"@type":"PropertyValueSpecification","valueRequired":true,"valueName":"search_term_string"}}],"inLanguage":"it-IT"}]}},"_links":{"self":[{"href":"https:\/\/advexio.com\/it\/wp-json\/wp\/v2\/pages\/15","targetHints":{"allow":["GET"]}}],"collection":[{"href":"https:\/\/advexio.com\/it\/wp-json\/wp\/v2\/pages"}],"about":[{"href":"https:\/\/advexio.com\/it\/wp-json\/wp\/v2\/types\/page"}],"author":[{"embeddable":true,"href":"https:\/\/advexio.com\/it\/wp-json\/wp\/v2\/users\/1"}],"replies":[{"embeddable":true,"href":"https:\/\/advexio.com\/it\/wp-json\/wp\/v2\/comments?post=15"}],"version-history":[{"count":4,"href":"https:\/\/advexio.com\/it\/wp-json\/wp\/v2\/pages\/15\/revisions"}],"predecessor-version":[{"id":122,"href":"https:\/\/advexio.com\/it\/wp-json\/wp\/v2\/pages\/15\/revisions\/122"}],"wp:attachment":[{"href":"https:\/\/advexio.com\/it\/wp-json\/wp\/v2\/media?parent=15"}],"curies":[{"name":"wp","href":"https:\/\/api.w.org\/{rel}","templated":true}]}}