{"id":13,"date":"2024-12-17T15:59:32","date_gmt":"2024-12-17T15:59:32","guid":{"rendered":"https:\/\/advexio.com\/?page_id=13"},"modified":"2025-03-03T11:18:35","modified_gmt":"2025-03-03T11:18:35","slug":"cookie-policy","status":"publish","type":"page","link":"https:\/\/advexio.com\/it\/cookie-policy\/","title":{"rendered":"Informativa sui cookie"},"content":{"rendered":"<h3 class=\"wp-block-heading\">INTRODUZIONE<\/h3>\n\n\n\n<p>Noi di Advexio teniamo alla vostra privacy e ci impegniamo a fornire un'esperienza trasparente per quanto riguarda l'utilizzo dei cookie sul nostro sito web. La presente Informativa sui cookie illustra le modalit\u00e0 di utilizzo dei cookie e di tecnologie di tracciamento analoghe per migliorare la vostra esperienza di visita al nostro sito web.<\/p>\n\n\n\n<h3 class=\"wp-block-heading\">COSA SONO I COOKIE<\/h3>\n\n\n\n<p>I cookie sono piccoli file di testo che vengono inseriti nel dispositivo dell'utente quando visita un sito web. Essi aiutano il sito web a ricordare le preferenze, le azioni e altre impostazioni dell'utente per migliorare l'esperienza di navigazione.<\/p>\n\n\n\n<h3 class=\"wp-block-heading\">TIPI DI COOKIE CHE UTILIZZIAMO<\/h3>\n\n\n\n<p>Utilizziamo i seguenti tipi di cookie:<\/p>\n\n\n\n<p><strong>Biscotti essenziali<\/strong><br>Questi cookie sono necessari per il funzionamento del sito web. Consentono di navigare nel sito e di utilizzarne le funzionalit\u00e0, come l'accesso alle aree protette. Senza questi cookie, alcuni servizi potrebbero non essere disponibili.<\/p>\n\n\n\n<p><strong>Cookie di prestazione<\/strong><br>Questi cookie raccolgono dati anonimi su come i visitatori utilizzano il nostro sito web. Questo ci aiuta a migliorare le prestazioni del nostro sito tracciando metriche come le visualizzazioni delle pagine, le fonti di traffico e il comportamento degli utenti. Le informazioni raccolte sono aggregate e anonime.<\/p>\n\n\n\n<p><strong>Cookie di funzionalit\u00e0<\/strong><br>Questi cookie consentono al nostro sito web di ricordare le preferenze dell'utente, come la lingua e la regione, per fornire un'esperienza pi\u00f9 personalizzata. Questi cookie possono anche fornire funzioni avanzate, come l'assistenza via chat.<\/p>\n\n\n\n<p><strong>Cookie di targeting\/pubblicit\u00e0<\/strong><br>Questi cookie forniscono annunci personalizzati e tracciano il comportamento dell'utente su diversi siti web. Gli inserzionisti di terze parti li impostano per fornire pubblicit\u00e0 mirata in base ai vostri interessi.<\/p>\n\n\n\n<h3 class=\"wp-block-heading\">COME UTILIZZIAMO I COOKIE<\/h3>\n\n\n\n<p>Utilizziamo i cookie per:<\/p>\n\n\n\n<ul class=\"wp-block-list\">\n<li>Migliorare la funzionalit\u00e0 del nostro sito web<\/li>\n\n\n\n<li>Personalizzare la vostra esperienza e i contenuti in base alle vostre preferenze<\/li>\n\n\n\n<li>Analizzare il traffico del sito web e il comportamento degli utenti<\/li>\n\n\n\n<li>Fornire pubblicit\u00e0 mirata e pertinente per l'utente<\/li>\n<\/ul>\n\n\n\n<h3 class=\"wp-block-heading\">GESTIONE DEI COOKIE<\/h3>\n\n\n\n<p>Potete gestire le vostre preferenze sui cookie in qualsiasi momento regolando le impostazioni del vostro browser. La maggior parte dei browser consente di bloccare o eliminare i cookie, ma si prega di notare che la disabilitazione di alcuni cookie potrebbe avere un impatto sulla funzionalit\u00e0 del nostro sito web e limitare la vostra esperienza.<\/p>\n\n\n\n<h3 class=\"wp-block-heading\">COOKIE DI TERZE PARTI<\/h3>\n\n\n\n<p>Possiamo consentire a fornitori di servizi terzi, come societ\u00e0 di analisi e pubblicit\u00e0, di impostare cookie sul nostro sito web. Queste terze parti possono raccogliere informazioni sulle vostre attivit\u00e0 online su diversi siti web e nel tempo. Il loro utilizzo dei cookie \u00e8 soggetto alle rispettive politiche sulla privacy.<\/p>\n\n\n\n<h3 class=\"wp-block-heading\">IL VOSTRO CONSENSO<\/h3>\n\n\n\n<p>Continuando a utilizzare il nostro sito web, l'utente acconsente all'utilizzo dei cookie come descritto nella presente informativa. Se non si desidera accettare i cookie, \u00e8 possibile modificare le impostazioni del browser o rinunciare all'utilizzo degli strumenti da noi forniti.<\/p>\n\n\n\n<h3 class=\"wp-block-heading\">MODIFICHE ALLA PRESENTE POLITICA SUI COOKIE<\/h3>\n\n\n\n<p>Potremmo aggiornare periodicamente la presente Informativa sui cookie. Eventuali modifiche saranno riportate in questa pagina, con la data di \"Ultimo aggiornamento\". Si consiglia di rivedere regolarmente la presente informativa per verificare la presenza di eventuali aggiornamenti.<\/p>\n\n\n\n<h3 class=\"wp-block-heading\">CONTATTO<\/h3>\n\n\n\n<p>In caso di domande o dubbi sulla nostra Politica sui cookie, vi preghiamo di contattarci:<\/p>\n\n\n\n<ul class=\"wp-block-list\">\n<li>E-mail: <a href=\"mailto:info@advexio.com\">info@advexio.com<\/a><\/li>\n\n\n\n<li>Telefono: <a href=\"tel:48573503926\">+48573503926<\/a><\/li>\n\n\n\n<li>Sito web: <a href=\"https:\/\/advexio.com\/it\/\">advexio.com<\/a><\/li>\n<\/ul>","protected":false},"excerpt":{"rendered":"<p>INTRODUCTION At Advexio, we value your privacy and are committed to providing a transparent experience regarding using cookies on our website. This Cookie Policy outlines how we use cookies and similar tracking technologies to enhance your experience when visiting our website. WHAT ARE COOKIES Cookies are small text files placed on your device when you [&hellip;]<\/p>","protected":false},"author":1,"featured_media":0,"parent":0,"menu_order":0,"comment_status":"closed","ping_status":"closed","template":"templates-pages\/policy-template.php","meta":{"_acf_changed":false,"inline_featured_image":false,"footnotes":""},"class_list":["post-13","page","type-page","status-publish","hentry"],"acf":[],"yoast_head":"<!-- This site is optimized with the Yoast SEO plugin v24.1 - https:\/\/yoast.com\/wordpress\/plugins\/seo\/ -->\n<title>Cookie Policy - Advexio<\/title>\n<meta name=\"robots\" content=\"index, follow, max-snippet:-1, max-image-preview:large, max-video-preview:-1\" \/>\n<link rel=\"canonical\" href=\"https:\/\/advexio.com\/it\/cookie-policy\/\" \/>\n<meta property=\"og:locale\" content=\"it_IT\" \/>\n<meta property=\"og:type\" content=\"article\" \/>\n<meta property=\"og:title\" content=\"Cookie Policy - Advexio\" \/>\n<meta property=\"og:description\" content=\"INTRODUCTION At Advexio, we value your privacy and are committed to providing a transparent experience regarding using cookies on our website. This Cookie Policy outlines how we use cookies and similar tracking technologies to enhance your experience when visiting our website. WHAT ARE COOKIES Cookies are small text files placed on your device when you [&hellip;]\" \/>\n<meta property=\"og:url\" content=\"https:\/\/advexio.com\/it\/cookie-policy\/\" \/>\n<meta property=\"og:site_name\" content=\"Advexio\" \/>\n<meta property=\"article:modified_time\" content=\"2025-03-03T11:18:35+00:00\" \/>\n<meta property=\"og:image\" content=\"https:\/\/advexio.com\/wp-content\/uploads\/2025\/03\/1024-\u00d7-517.png\" \/>\n\t<meta property=\"og:image:width\" content=\"1024\" \/>\n\t<meta property=\"og:image:height\" content=\"512\" \/>\n\t<meta property=\"og:image:type\" content=\"image\/png\" \/>\n<meta name=\"twitter:card\" content=\"summary_large_image\" \/>\n<meta name=\"twitter:image\" content=\"https:\/\/advexio.com\/wp-content\/uploads\/2025\/03\/1024-\u00d7-517.png\" \/>\n<meta name=\"twitter:label1\" content=\"Tempo di lettura stimato\" \/>\n\t<meta name=\"twitter:data1\" content=\"2 minuti\" \/>\n<script type=\"application\/ld+json\" class=\"yoast-schema-graph\">{\"@context\":\"https:\/\/schema.org\",\"@graph\":[{\"@type\":\"WebPage\",\"@id\":\"https:\/\/advexio.com\/cookie-policy\/\",\"url\":\"https:\/\/advexio.com\/cookie-policy\/\",\"name\":\"Cookie Policy - Advexio\",\"isPartOf\":{\"@id\":\"https:\/\/advexio.com\/#website\"},\"datePublished\":\"2024-12-17T15:59:32+00:00\",\"dateModified\":\"2025-03-03T11:18:35+00:00\",\"breadcrumb\":{\"@id\":\"https:\/\/advexio.com\/cookie-policy\/#breadcrumb\"},\"inLanguage\":\"it-IT\",\"potentialAction\":[{\"@type\":\"ReadAction\",\"target\":[\"https:\/\/advexio.com\/cookie-policy\/\"]}]},{\"@type\":\"BreadcrumbList\",\"@id\":\"https:\/\/advexio.com\/cookie-policy\/#breadcrumb\",\"itemListElement\":[{\"@type\":\"ListItem\",\"position\":1,\"name\":\"Home\",\"item\":\"https:\/\/advexio.com\/\"},{\"@type\":\"ListItem\",\"position\":2,\"name\":\"Cookie Policy\"}]},{\"@type\":\"WebSite\",\"@id\":\"https:\/\/advexio.com\/#website\",\"url\":\"https:\/\/advexio.com\/\",\"name\":\"Advexio\",\"description\":\"\",\"potentialAction\":[{\"@type\":\"SearchAction\",\"target\":{\"@type\":\"EntryPoint\",\"urlTemplate\":\"https:\/\/advexio.com\/?s={search_term_string}\"},\"query-input\":{\"@type\":\"PropertyValueSpecification\",\"valueRequired\":true,\"valueName\":\"search_term_string\"}}],\"inLanguage\":\"it-IT\"}]}<\/script>\n<!-- \/ Yoast SEO plugin. -->","yoast_head_json":{"title":"Cookie Policy - Advexio","robots":{"index":"index","follow":"follow","max-snippet":"max-snippet:-1","max-image-preview":"max-image-preview:large","max-video-preview":"max-video-preview:-1"},"canonical":"https:\/\/advexio.com\/it\/cookie-policy\/","og_locale":"it_IT","og_type":"article","og_title":"Cookie Policy - Advexio","og_description":"INTRODUCTION At Advexio, we value your privacy and are committed to providing a transparent experience regarding using cookies on our website. This Cookie Policy outlines how we use cookies and similar tracking technologies to enhance your experience when visiting our website. WHAT ARE COOKIES Cookies are small text files placed on your device when you [&hellip;]","og_url":"https:\/\/advexio.com\/it\/cookie-policy\/","og_site_name":"Advexio","article_modified_time":"2025-03-03T11:18:35+00:00","og_image":[{"width":1024,"height":512,"url":"https:\/\/advexio.com\/wp-content\/uploads\/2025\/03\/1024-\u00d7-517.png","type":"image\/png"}],"twitter_card":"summary_large_image","twitter_image":"https:\/\/advexio.com\/wp-content\/uploads\/2025\/03\/1024-\u00d7-517.png","twitter_misc":{"Tempo di lettura stimato":"2 minuti"},"schema":{"@context":"https:\/\/schema.org","@graph":[{"@type":"WebPage","@id":"https:\/\/advexio.com\/cookie-policy\/","url":"https:\/\/advexio.com\/cookie-policy\/","name":"Cookie Policy - Advexio","isPartOf":{"@id":"https:\/\/advexio.com\/#website"},"datePublished":"2024-12-17T15:59:32+00:00","dateModified":"2025-03-03T11:18:35+00:00","breadcrumb":{"@id":"https:\/\/advexio.com\/cookie-policy\/#breadcrumb"},"inLanguage":"it-IT","potentialAction":[{"@type":"ReadAction","target":["https:\/\/advexio.com\/cookie-policy\/"]}]},{"@type":"BreadcrumbList","@id":"https:\/\/advexio.com\/cookie-policy\/#breadcrumb","itemListElement":[{"@type":"ListItem","position":1,"name":"Home","item":"https:\/\/advexio.com\/"},{"@type":"ListItem","position":2,"name":"Cookie Policy"}]},{"@type":"WebSite","@id":"https:\/\/advexio.com\/#website","url":"https:\/\/advexio.com\/","name":"Advexio","description":"","potentialAction":[{"@type":"SearchAction","target":{"@type":"EntryPoint","urlTemplate":"https:\/\/advexio.com\/?s={search_term_string}"},"query-input":{"@type":"PropertyValueSpecification","valueRequired":true,"valueName":"search_term_string"}}],"inLanguage":"it-IT"}]}},"_links":{"self":[{"href":"https:\/\/advexio.com\/it\/wp-json\/wp\/v2\/pages\/13","targetHints":{"allow":["GET"]}}],"collection":[{"href":"https:\/\/advexio.com\/it\/wp-json\/wp\/v2\/pages"}],"about":[{"href":"https:\/\/advexio.com\/it\/wp-json\/wp\/v2\/types\/page"}],"author":[{"embeddable":true,"href":"https:\/\/advexio.com\/it\/wp-json\/wp\/v2\/users\/1"}],"replies":[{"embeddable":true,"href":"https:\/\/advexio.com\/it\/wp-json\/wp\/v2\/comments?post=13"}],"version-history":[{"count":5,"href":"https:\/\/advexio.com\/it\/wp-json\/wp\/v2\/pages\/13\/revisions"}],"predecessor-version":[{"id":178,"href":"https:\/\/advexio.com\/it\/wp-json\/wp\/v2\/pages\/13\/revisions\/178"}],"wp:attachment":[{"href":"https:\/\/advexio.com\/it\/wp-json\/wp\/v2\/media?parent=13"}],"curies":[{"name":"wp","href":"https:\/\/api.w.org\/{rel}","templated":true}]}}