{"id":3,"date":"2024-12-17T15:11:48","date_gmt":"2024-12-17T15:11:48","guid":{"rendered":"https:\/\/advexio.com\/?page_id=3"},"modified":"2025-03-03T11:19:16","modified_gmt":"2025-03-03T11:19:16","slug":"privacy-policy","status":"publish","type":"page","link":"https:\/\/advexio.com\/de\/privacy-policy\/","title":{"rendered":"Datenschutzbestimmungen"},"content":{"rendered":"<p>Wir bei Advexio, erreichbar \u00fcber advexio.com, verpflichten uns, Ihre Privatsph\u00e4re zu sch\u00fctzen. In dieser Datenschutzrichtlinie wird erl\u00e4utert, wie wir Ihre Daten erfassen, nutzen und sch\u00fctzen, wenn Sie unsere Website und unsere Dienste nutzen. Durch die Nutzung unserer Website erkl\u00e4ren Sie sich mit den in dieser Richtlinie dargelegten Praktiken einverstanden. Alle Aktualisierungen dieser Richtlinie werden auf dieser Seite ver\u00f6ffentlicht.<\/p>\n\n\n\n<h3 class=\"wp-block-heading\">ZUSAMMENFASSUNG<\/h3>\n\n\n\n<ul class=\"wp-block-list\">\n<li><strong>Datenschutz:<\/strong> Wir verkaufen oder vermieten Ihre Daten nicht und geben sie auch nicht an Dritte weiter, es sei denn, Sie erteilen Ihre ausdr\u00fcckliche Zustimmung.<\/li>\n\n\n\n<li><strong>Kein Spamming:<\/strong> Wir spammen nicht. Alle Mitteilungen von uns sind sachdienlich und kommen direkt von Advexio.<\/li>\n\n\n\n<li><strong>Zahlungssicherheit:<\/strong> Wir werden niemals ohne ausdr\u00fcckliche Zustimmung auf Ihre Zahlungsdaten zugreifen.<\/li>\n\n\n\n<li><strong>GDPR-Einhaltung:<\/strong> Sie k\u00f6nnen sich von Marketingmitteilungen abmelden, Zugang zu Ihren Daten verlangen oder um die L\u00f6schung Ihrer Daten bitten.<\/li>\n<\/ul>\n\n\n\n<h3 class=\"wp-block-heading\">DATENVERARBEITER<\/h3>\n\n\n\n<p>Als Datenverarbeiter f\u00fcr Advexio ist das Unternehmen f\u00fcr die Verarbeitung und Verwaltung Ihrer Daten verantwortlich:<\/p>\n\n\n\n<p><strong>Datenverarbeiter:<\/strong> Luca Investment Sp. z O.O.<br><strong>Eingetragene Anschrift:<\/strong> Ho\u017ca-Stra\u00dfe 86, Einheit 210, Warschau, Postleitzahl 00-682, Polen<br><strong>Registrierungsnummer:<\/strong> 523193209<br><strong>Kontaktinformationen:<\/strong><\/p>\n\n\n\n<p><strong>E-Mail:<\/strong> <a href=\"mailto:info@advexio.com\">info@advexio.com<\/a><br><strong>Telefon:<\/strong> <a href=\"tel:48573503926\">+48573503926<\/a><\/p>\n\n\n\n<h3 class=\"wp-block-heading\">ROLLE UND ZUST\u00c4NDIGKEITEN<\/h3>\n\n\n\n<p>Als Datenverarbeiter verwaltet Luca Investment Sp. z O.O. im Auftrag von Advexio personenbezogene Daten unter Einhaltung der geltenden Datenschutzgesetze und -vorschriften. Dies beinhaltet:<\/p>\n\n\n\n<ul class=\"wp-block-list\">\n<li><strong>Datenerhebung und -verarbeitung:<\/strong> Sammlung und Verarbeitung von pers\u00f6nlichen Daten, wie in unserer Datenschutzrichtlinie beschrieben und gem\u00e4\u00df den von Advexio erteilten Anweisungen.<\/li>\n\n\n\n<li><strong>Datensicherheit:<\/strong> Ergreifung der erforderlichen technischen und organisatorischen Ma\u00dfnahmen zum Schutz der Sicherheit und Vertraulichkeit der personenbezogenen Daten.<\/li>\n\n\n\n<li><strong>Aufbewahrung und L\u00f6schung von Daten:<\/strong> Verwaltung von Datenaufbewahrungsfristen und Sicherstellung, dass personenbezogene Daten auf Anfrage oder wenn sie nicht mehr ben\u00f6tigt werden, gel\u00f6scht oder anonymisiert werden.<\/li>\n<\/ul>\n\n\n\n<h3 class=\"wp-block-heading\">COMPLIANCE<\/h3>\n\n\n\n<p>Luca Investment Sp. z O.O. verpflichtet sich zur Einhaltung aller relevanten Datenschutzbestimmungen, einschlie\u00dflich, aber nicht beschr\u00e4nkt auf die General Data Protection Regulation (GDPR) und andere anwendbare Datenschutzgesetze.<\/p>\n\n\n\n<p>Wenn Sie Fragen zu Ihren pers\u00f6nlichen Daten oder unserer Datenverarbeitung haben, k\u00f6nnen Sie sich \u00fcber die oben angegebenen Kontaktdaten an uns wenden.<\/p>\n\n\n\n<h3 class=\"wp-block-heading\">WIE WIR IHRE PERS\u00d6NLICHEN DATEN BEHANDELN<\/h3>\n\n\n\n<h3 class=\"wp-block-heading\">Erhebung und Verwendung von Daten<\/h3>\n\n\n\n<p>Wir von Luca Investment Sp. z O.O. verpflichten uns, Ihre pers\u00f6nlichen Daten zu sch\u00fctzen. Die von uns gesammelten Informationen werden ausschlie\u00dflich zur Verbesserung und Bereitstellung unserer Dienstleistungen verwendet. Wir werden Ihre pers\u00f6nlichen Daten nicht verkaufen, vermieten oder ohne Ihre Zustimmung weitergeben.<\/p>\n\n\n\n<h3 class=\"wp-block-heading\">Kommunikation<\/h3>\n\n\n\n<p>Wir k\u00f6nnen Sie per E-Mail oder \u00fcber andere Kommunikationskan\u00e4le bez\u00fcglich Ihres Kontos, unserer Dienstleistungen und wichtiger Aktualisierungen im Zusammenhang mit Ihrem Engagement kontaktieren. Diese Mitteilungen sind f\u00fcr die Erbringung unserer Dienstleistungen unerl\u00e4sslich und werden nicht f\u00fcr unaufgeforderte Werbezwecke verwendet.<\/p>\n\n\n\n<h3 class=\"wp-block-heading\">INFORMATIONEN, DIE WIR SAMMELN<\/h3>\n\n\n\n<h3 class=\"wp-block-heading\">Arten von Informationen<\/h3>\n\n\n\n<p>Wenn Sie mit unserer Website oder unseren Diensten interagieren, sammeln wir verschiedene Arten von Informationen, darunter:<\/p>\n\n\n\n<ul class=\"wp-block-list\">\n<li><strong>Informationen zur pers\u00f6nlichen Identifizierung<\/strong>: Dazu geh\u00f6ren Details wie Ihr Name, Ihre E-Mail-Adresse, Ihre Telefonnummer und alle anderen Informationen, die Sie in Formularen oder bei Interaktionen auf unserer Website angeben.<\/li>\n\n\n\n<li><strong>Gesch\u00e4ftliche Informationen<\/strong>: Informationen, die sich auf Ihre Gesch\u00e4fts- oder Marketingziele beziehen, helfen uns, unsere Dienstleistungen besser auf Ihre Bed\u00fcrfnisse abzustimmen.<\/li>\n<\/ul>\n\n\n\n<h3 class=\"wp-block-heading\">Erhebungsmethoden<\/h3>\n\n\n\n<p>Wir sammeln Ihre Daten mit den folgenden Methoden:<\/p>\n\n\n\n<ul class=\"wp-block-list\">\n<li><strong>Formulare und Anmeldungen<\/strong>: Informationen, die Sie beim Ausf\u00fcllen von Formularen auf unserer Website oder bei der \u00dcbermittlung von Daten f\u00fcr Service- oder Marketingzwecke angeben.<\/li>\n\n\n\n<li><strong>Direkte Interaktionen<\/strong>: Informationen aus der direkten Kommunikation mit unserem Team, z. B. dem Kundensupport oder der Kundenbetreuung.<\/li>\n<\/ul>\n\n\n\n<h3 class=\"wp-block-heading\">WIE WIR IHRE INFORMATIONEN VERWENDEN<\/h3>\n\n\n\n<h3 class=\"wp-block-heading\">Verwendungszwecke<\/h3>\n\n\n\n<p>Die von uns gesammelten Informationen werden f\u00fcr die folgenden Zwecke verwendet:<\/p>\n\n\n\n<ul class=\"wp-block-list\">\n<li><strong>Personalisieren Sie Ihr Erlebnis<\/strong>: Anpassung unserer Dienstleistungen und Mitteilungen, um Ihren Pr\u00e4ferenzen und Bed\u00fcrfnissen besser gerecht zu werden.<\/li>\n\n\n\n<li><strong>Verbessern Sie unsere Website<\/strong>: Nutzung von Nutzerfeedback und Interaktionen auf der Website, um die Funktionalit\u00e4t unserer Website und die allgemeine Erfahrung zu verbessern.<\/li>\n\n\n\n<li><strong>Verbesserung des Kundendienstes<\/strong>: Effizientere Beantwortung Ihrer Anfragen und Serviceanfragen.<\/li>\n\n\n\n<li><strong>Verwalten von Werbeaktionen und Umfragen<\/strong>: Organisation von Wettbewerben, Werbeaktionen, Umfragen und anderen interaktiven Website-Funktionen.<\/li>\n\n\n\n<li><strong>Regelm\u00e4\u00dfige Updates senden<\/strong>: Wir werden Sie \u00fcber relevante Neuigkeiten, Service-Updates und andere Informationen \u00fcber unsere Angebote informieren.<\/li>\n<\/ul>\n\n\n\n<h3 class=\"wp-block-heading\">COOKIES UND TRACKING-TECHNOLOGIEN<\/h3>\n\n\n\n<h3 class=\"wp-block-heading\">Verwendung von Cookies<\/h3>\n\n\n\n<p>Wir verwenden Cookies und \u00e4hnliche Technologien, um Ihr Surferlebnis zu verbessern. Cookies sind kleine Textdateien, die auf Ihrem Ger\u00e4t gespeichert werden und es uns erm\u00f6glichen, die Nutzung der Website und die Interaktionen der Nutzer zu \u00fcberwachen, um personalisierte Inhalte zu liefern und unsere Dienste zu verbessern.<\/p>\n\n\n\n<h3 class=\"wp-block-heading\">Verwaltung von Cookies<\/h3>\n\n\n\n<p>Sie k\u00f6nnen Cookies kontrollieren oder ausschalten, indem Sie Ihre Browsereinstellungen anpassen. Durch die Deaktivierung von Cookies k\u00f6nnen jedoch einige Funktionen der Website eingeschr\u00e4nkt sein.<\/p>\n\n\n\n<h3 class=\"wp-block-heading\">OFFENLEGUNG VON INFORMATIONEN<\/h3>\n\n\n\n<h3 class=\"wp-block-heading\">Weitergabe an Dritte<\/h3>\n\n\n\n<p>Wir verkaufen Ihre pers\u00f6nlichen Daten nicht, tauschen sie nicht aus und geben sie nicht an externe Parteien weiter, au\u00dfer wie in dieser Richtlinie dargelegt. Wir k\u00f6nnen Ihre Informationen weitergeben an:<\/p>\n\n\n\n<ul class=\"wp-block-list\">\n<li><strong>Anbieter von Dienstleistungen<\/strong>: Zuverl\u00e4ssige dritte Partner, die uns beim Betrieb unserer Website oder bei der Erbringung von Dienstleistungen unterst\u00fctzen und an strenge Vertraulichkeitsvereinbarungen gebunden sind.<\/li>\n\n\n\n<li><strong>Rechtliche Anforderungen<\/strong>: In F\u00e4llen, in denen wir gesetzlich dazu verpflichtet sind, zur Einhaltung von Vorschriften, zur Durchsetzung unserer Richtlinien oder zum Schutz der Rechte und der Sicherheit von Luca Investment Sp. z O.O. und anderen.<\/li>\n<\/ul>\n\n\n\n<h3 class=\"wp-block-heading\">Nicht pers\u00f6nlich identifizierbare Informationen<\/h3>\n\n\n\n<p>Wir k\u00f6nnen zusammengefasste oder nicht pers\u00f6nlich identifizierbare Daten an Dritte f\u00fcr Marketing-, Werbe- oder Datenanalysezwecke weitergeben.<\/p>\n\n\n\n<h3 class=\"wp-block-heading\">LINKS ZU WEBSITES DRITTER<\/h3>\n\n\n\n<p>Unsere Website kann zu Ihrem Nutzen Links zu externen Websites enthalten. Diese Links bedeuten nicht, dass wir den Inhalt oder die Praktiken dieser Websites Dritter billigen oder daf\u00fcr verantwortlich sind. Wir empfehlen, die Datenschutzrichtlinien aller Websites, die Sie \u00fcber diese Links besuchen, zu \u00fcberpr\u00fcfen.<\/p>\n\n\n\n<h3 class=\"wp-block-heading\">NUR ONLINE-DATENSCHUTZERKL\u00c4RUNG<\/h3>\n\n\n\n<p>Diese Datenschutzrichtlinie gilt ausschlie\u00dflich f\u00fcr Informationen, die \u00fcber unsere Website gesammelt werden, und erstreckt sich nicht auf Daten, die \u00fcber andere Kan\u00e4le oder offline gesammelt werden.<\/p>\n\n\n\n<h3 class=\"wp-block-heading\">NUTZUNGSBEDINGUNGEN<\/h3>\n\n\n\n<p>Weitere Informationen \u00fcber die Nutzung unserer Website, einschlie\u00dflich Haftungsausschl\u00fcsse und -beschr\u00e4nkungen, finden Sie in unseren Nutzungsbedingungen.<\/p>\n\n\n\n<h3 class=\"wp-block-heading\">IHRE ZUSTIMMUNG<\/h3>\n\n\n\n<p>Indem Sie auf unsere Website zugreifen und sie nutzen, erkl\u00e4ren Sie sich mit den in dieser Erkl\u00e4rung dargelegten Datenschutzpraktiken einverstanden.<\/p>\n\n\n\n<h3 class=\"wp-block-heading\">\u00c4NDERUNGEN AN DIESER POLITIK<\/h3>\n\n\n\n<p>Wir k\u00f6nnen diese Datenschutzrichtlinie von Zeit zu Zeit aktualisieren. Die aktuellste Version wird auf dieser Seite ver\u00f6ffentlicht, wobei das Datum \"Letzte Aktualisierung\" die letzten \u00dcberarbeitungen widerspiegelt.<\/p>\n\n\n\n<h3 class=\"wp-block-heading\">KONTAKT US<\/h3>\n\n\n\n<p>Wenn Sie Fragen zu dieser Datenschutzerkl\u00e4rung oder unseren Datenpraktiken haben, wenden Sie sich bitte an uns:<\/p>\n\n\n\n<ul class=\"wp-block-list\">\n<li>E-Mail: <a href=\"mailto:info@advexio.com\">info@advexio.com<\/a><\/li>\n\n\n\n<li>Telefon: <a href=\"tel:48573503926\">+48573503926<\/a><\/li>\n\n\n\n<li>Website: <a href=\"https:\/\/advexio.com\/de\/\">advexio.de<\/a><\/li>\n<\/ul>\n\n\n\n<p><\/p>","protected":false},"excerpt":{"rendered":"<p>Wir bei Advexio, erreichbar \u00fcber advexio.com, verpflichten uns, Ihre Privatsph\u00e4re zu sch\u00fctzen. In dieser Datenschutzrichtlinie wird erl\u00e4utert, wie wir Ihre Daten erfassen, nutzen und sch\u00fctzen, wenn Sie unsere Website und unsere Dienste nutzen. Durch die Nutzung unserer Website erkl\u00e4ren Sie sich mit den in dieser Richtlinie dargelegten Praktiken einverstanden. Jegliche Aktualisierungen dieser Richtlinie werden auf dieser Seite ver\u00f6ffentlicht [...]<\/p>","protected":false},"author":1,"featured_media":0,"parent":0,"menu_order":0,"comment_status":"closed","ping_status":"open","template":"templates-pages\/policy-template.php","meta":{"_acf_changed":false,"inline_featured_image":false,"footnotes":""},"class_list":["post-3","page","type-page","status-publish","hentry"],"acf":[],"yoast_head":"<!-- This site is optimized with the Yoast SEO plugin v24.1 - https:\/\/yoast.com\/wordpress\/plugins\/seo\/ -->\n<title>Privacy Policy - Advexio<\/title>\n<meta name=\"robots\" content=\"index, follow, max-snippet:-1, max-image-preview:large, max-video-preview:-1\" \/>\n<link rel=\"canonical\" href=\"https:\/\/advexio.com\/de\/privacy-policy\/\" \/>\n<meta property=\"og:locale\" content=\"de_DE\" \/>\n<meta property=\"og:type\" content=\"article\" \/>\n<meta property=\"og:title\" content=\"Privacy Policy - Advexio\" \/>\n<meta property=\"og:description\" content=\"At Advexio, accessible from advexio.com, we are committed to protecting your privacy. This Privacy Policy explains how we gather, utilize, and safeguard your data when you engage with our website and services. You agree to the practices outlined in this policy by using our site. Any updates to this policy will be posted on this [&hellip;]\" \/>\n<meta property=\"og:url\" content=\"https:\/\/advexio.com\/de\/privacy-policy\/\" \/>\n<meta property=\"og:site_name\" content=\"Advexio\" \/>\n<meta property=\"article:modified_time\" content=\"2025-03-03T11:19:16+00:00\" \/>\n<meta property=\"og:image\" content=\"https:\/\/advexio.com\/wp-content\/uploads\/2025\/03\/1024-\u00d7-517.png\" \/>\n\t<meta property=\"og:image:width\" content=\"1024\" \/>\n\t<meta property=\"og:image:height\" content=\"512\" \/>\n\t<meta property=\"og:image:type\" content=\"image\/png\" \/>\n<meta name=\"twitter:card\" content=\"summary_large_image\" \/>\n<meta name=\"twitter:image\" content=\"https:\/\/advexio.com\/wp-content\/uploads\/2025\/03\/1024-\u00d7-517.png\" \/>\n<meta name=\"twitter:label1\" content=\"Gesch\u00e4tzte Lesezeit\" \/>\n\t<meta name=\"twitter:data1\" content=\"5\u00a0Minuten\" \/>\n<script type=\"application\/ld+json\" class=\"yoast-schema-graph\">{\"@context\":\"https:\/\/schema.org\",\"@graph\":[{\"@type\":\"WebPage\",\"@id\":\"https:\/\/advexio.com\/privacy-policy\/\",\"url\":\"https:\/\/advexio.com\/privacy-policy\/\",\"name\":\"Privacy Policy - Advexio\",\"isPartOf\":{\"@id\":\"https:\/\/advexio.com\/#website\"},\"datePublished\":\"2024-12-17T15:11:48+00:00\",\"dateModified\":\"2025-03-03T11:19:16+00:00\",\"breadcrumb\":{\"@id\":\"https:\/\/advexio.com\/privacy-policy\/#breadcrumb\"},\"inLanguage\":\"de\",\"potentialAction\":[{\"@type\":\"ReadAction\",\"target\":[\"https:\/\/advexio.com\/privacy-policy\/\"]}]},{\"@type\":\"BreadcrumbList\",\"@id\":\"https:\/\/advexio.com\/privacy-policy\/#breadcrumb\",\"itemListElement\":[{\"@type\":\"ListItem\",\"position\":1,\"name\":\"Home\",\"item\":\"https:\/\/advexio.com\/\"},{\"@type\":\"ListItem\",\"position\":2,\"name\":\"Privacy Policy\"}]},{\"@type\":\"WebSite\",\"@id\":\"https:\/\/advexio.com\/#website\",\"url\":\"https:\/\/advexio.com\/\",\"name\":\"Advexio\",\"description\":\"\",\"potentialAction\":[{\"@type\":\"SearchAction\",\"target\":{\"@type\":\"EntryPoint\",\"urlTemplate\":\"https:\/\/advexio.com\/?s={search_term_string}\"},\"query-input\":{\"@type\":\"PropertyValueSpecification\",\"valueRequired\":true,\"valueName\":\"search_term_string\"}}],\"inLanguage\":\"de\"}]}<\/script>\n<!-- \/ Yoast SEO plugin. -->","yoast_head_json":{"title":"Privacy Policy - Advexio","robots":{"index":"index","follow":"follow","max-snippet":"max-snippet:-1","max-image-preview":"max-image-preview:large","max-video-preview":"max-video-preview:-1"},"canonical":"https:\/\/advexio.com\/de\/privacy-policy\/","og_locale":"de_DE","og_type":"article","og_title":"Privacy Policy - Advexio","og_description":"At Advexio, accessible from advexio.com, we are committed to protecting your privacy. This Privacy Policy explains how we gather, utilize, and safeguard your data when you engage with our website and services. You agree to the practices outlined in this policy by using our site. Any updates to this policy will be posted on this [&hellip;]","og_url":"https:\/\/advexio.com\/de\/privacy-policy\/","og_site_name":"Advexio","article_modified_time":"2025-03-03T11:19:16+00:00","og_image":[{"width":1024,"height":512,"url":"https:\/\/advexio.com\/wp-content\/uploads\/2025\/03\/1024-\u00d7-517.png","type":"image\/png"}],"twitter_card":"summary_large_image","twitter_image":"https:\/\/advexio.com\/wp-content\/uploads\/2025\/03\/1024-\u00d7-517.png","twitter_misc":{"Gesch\u00e4tzte Lesezeit":"5\u00a0Minuten"},"schema":{"@context":"https:\/\/schema.org","@graph":[{"@type":"WebPage","@id":"https:\/\/advexio.com\/privacy-policy\/","url":"https:\/\/advexio.com\/privacy-policy\/","name":"Privacy Policy - Advexio","isPartOf":{"@id":"https:\/\/advexio.com\/#website"},"datePublished":"2024-12-17T15:11:48+00:00","dateModified":"2025-03-03T11:19:16+00:00","breadcrumb":{"@id":"https:\/\/advexio.com\/privacy-policy\/#breadcrumb"},"inLanguage":"de","potentialAction":[{"@type":"ReadAction","target":["https:\/\/advexio.com\/privacy-policy\/"]}]},{"@type":"BreadcrumbList","@id":"https:\/\/advexio.com\/privacy-policy\/#breadcrumb","itemListElement":[{"@type":"ListItem","position":1,"name":"Home","item":"https:\/\/advexio.com\/"},{"@type":"ListItem","position":2,"name":"Privacy Policy"}]},{"@type":"WebSite","@id":"https:\/\/advexio.com\/#website","url":"https:\/\/advexio.com\/","name":"Advexio","description":"","potentialAction":[{"@type":"SearchAction","target":{"@type":"EntryPoint","urlTemplate":"https:\/\/advexio.com\/?s={search_term_string}"},"query-input":{"@type":"PropertyValueSpecification","valueRequired":true,"valueName":"search_term_string"}}],"inLanguage":"de"}]}},"_links":{"self":[{"href":"https:\/\/advexio.com\/de\/wp-json\/wp\/v2\/pages\/3","targetHints":{"allow":["GET"]}}],"collection":[{"href":"https:\/\/advexio.com\/de\/wp-json\/wp\/v2\/pages"}],"about":[{"href":"https:\/\/advexio.com\/de\/wp-json\/wp\/v2\/types\/page"}],"author":[{"embeddable":true,"href":"https:\/\/advexio.com\/de\/wp-json\/wp\/v2\/users\/1"}],"replies":[{"embeddable":true,"href":"https:\/\/advexio.com\/de\/wp-json\/wp\/v2\/comments?post=3"}],"version-history":[{"count":4,"href":"https:\/\/advexio.com\/de\/wp-json\/wp\/v2\/pages\/3\/revisions"}],"predecessor-version":[{"id":171,"href":"https:\/\/advexio.com\/de\/wp-json\/wp\/v2\/pages\/3\/revisions\/171"}],"wp:attachment":[{"href":"https:\/\/advexio.com\/de\/wp-json\/wp\/v2\/media?parent=3"}],"curies":[{"name":"wp","href":"https:\/\/api.w.org\/{rel}","templated":true}]}}