{"id":15,"date":"2024-12-17T15:59:42","date_gmt":"2024-12-17T15:59:42","guid":{"rendered":"https:\/\/advexio.com\/?page_id=15"},"modified":"2025-03-03T11:19:32","modified_gmt":"2025-03-03T11:19:32","slug":"refund-policy","status":"publish","type":"page","link":"https:\/\/advexio.com\/de\/refund-policy\/","title":{"rendered":"Erstattungspolitik"},"content":{"rendered":"<h3 class=\"wp-block-heading\">EINF\u00dcHRUNG<\/h3>\n\n\n\n<p>Luca Investment Sp. z O.O. und seine Marke Advexio verpflichten sich, hochwertige Dienstleistungen und Transparenz zu bieten. Bitte lesen Sie unsere R\u00fcckerstattungsrichtlinien, die unsere Vorgehensweise in Bezug auf Zahlungen, Stornierungen von Dienstleistungen und Unzufriedenheit mit unseren Dienstleistungen darlegen.<\/p>\n\n\n\n<h3 class=\"wp-block-heading\">KEINE R\u00dcCKERSTATTUNG<\/h3>\n\n\n\n<p>In der Regel bieten wir keine R\u00fcckerstattungen an, wenn die Zahlung bereits erfolgt ist. Sobald Sie dem Leistungsumfang zugestimmt, einen Vertrag unterzeichnet und die Rechnung beglichen haben, erbringen wir die Dienstleistungen in vollem Umfang wie vereinbart, auch wenn Sie sie nicht mehr ben\u00f6tigen.<\/p>\n\n\n\n<h3 class=\"wp-block-heading\">FEHLERHAFTE ZAHLUNGEN<\/h3>\n\n\n\n<p>Wenn Sie versehentlich zwei Zahlungen f\u00fcr dieselbe Rechnung leisten oder eine Rechnung zu viel bezahlen, erstatten wir Ihnen den zu viel gezahlten Betrag. Wenn Sie glauben, dass dies passiert ist, kontaktieren Sie uns bitte umgehend, und wir werden die Zahlung \u00fcberpr\u00fcfen, um sicherzustellen, dass die \u00dcberzahlung erstattet wird.<\/p>\n\n\n\n<h3 class=\"wp-block-heading\">DIENSTAUSFALL<\/h3>\n\n\n\n<p>Sobald die Dienstleistungen vereinbart, die Rechnung bezahlt und der Arbeitsumfang best\u00e4tigt wurde, sind Stornierungen nicht mehr m\u00f6glich. Wir verpflichten uns, die vereinbarten Dienstleistungen in vollem Umfang zu erbringen, unabh\u00e4ngig von einer \u00c4nderung der Umst\u00e4nde nach der Zahlung.<\/p>\n\n\n\n<h3 class=\"wp-block-heading\">UNZUFRIEDENHEIT MIT DER DIENSTLEISTUNGSQUALIT\u00c4T<\/h3>\n\n\n\n<p>Wenn Sie mit der Qualit\u00e4t oder Effektivit\u00e4t unserer Dienstleistungen unzufrieden sind, sind wir bereit, das Problem zu er\u00f6rtern. Dazu m\u00fcssen Sie uns konkrete Details und F\u00e4lle aus unserer Arbeit nennen, die Ihre Unzufriedenheit belegen. Wir werden Ihre Bedenken pr\u00fcfen und uns bem\u00fchen, unsere Dienstleistungen so anzupassen, dass sie Ihren Erwartungen entsprechen. Es ist jedoch wichtig zu wissen, dass Unzufriedenheit allein kein Grund f\u00fcr eine R\u00fcckerstattung ist.<\/p>\n\n\n\n<h3 class=\"wp-block-heading\">GEWALT MAJEURE<\/h3>\n\n\n\n<p>Sollten unvorhergesehene Ereignisse oder Umst\u00e4nde eintreten, auf die wir keinen Einfluss haben (h\u00f6here Gewalt), informieren Sie uns bitte so schnell wie m\u00f6glich schriftlich. Wir werden jeden Fall unabh\u00e4ngig pr\u00fcfen und die notwendigen Anpassungen vornehmen. Wenn \u00e4u\u00dfere Umst\u00e4nde uns daran hindern, die Leistung vollst\u00e4ndig zu erbringen, werden wir unseren Zeitplan nach besten Kr\u00e4ften anpassen und uns bem\u00fchen, die Leistung so schnell wie m\u00f6glich zu erbringen.<\/p>\n\n\n\n<h3 class=\"wp-block-heading\">KONTAKT US<\/h3>\n\n\n\n<p>Wenn Sie Fragen zu R\u00fcckerstattungen, irrt\u00fcmlichen Zahlungen oder anderen Anliegen im Zusammenhang mit dieser Richtlinie haben, kontaktieren Sie uns bitte unter:<\/p>\n\n\n\n<ul class=\"wp-block-list\">\n<li><strong>E-Mail:<\/strong> <a href=\"mailto:info@advexio.com\">info@advexio.com<\/a><\/li>\n\n\n\n<li><strong>Telefon:<\/strong> <a href=\"tel:48573503926\">+48573503926<\/a><\/li>\n\n\n\n<li><strong>Website:<\/strong> <a href=\"https:\/\/advexio.com\/de\/\">advexio.de<\/a><\/li>\n<\/ul>\n\n\n\n<p>Wir sind f\u00fcr Sie da, um Ihnen zu helfen und Klarheit in Bezug auf unsere Erstattungspolitik zu schaffen.<\/p>\n\n\n\n<h3 class=\"wp-block-heading\">SCHLUSSFOLGERUNG<\/h3>\n\n\n\n<p>Wenn Sie mit Advexio zusammenarbeiten, erkennen Sie die Bedingungen dieser R\u00fcckerstattungsrichtlinie an und stimmen ihnen zu. Unser Ziel ist es, Ihnen einen au\u00dfergew\u00f6hnlichen Service zu bieten, und wir sind immer bereit, Ihre Bedenken bez\u00fcglich der Erbringung unserer Dienstleistungen zu besprechen.<\/p>\n\n\n\n<p><\/p>","protected":false},"excerpt":{"rendered":"<p>INTRODUCTION Luca Investment Sp. z O.O. and its brand Advexio are committed to providing high-quality services and transparency. Please review our refund policy, which outlines our approach regarding payments, service cancellations, and dissatisfaction with our services. NO REFUNDS Generally, we do not offer refunds once payments have been made. Once you have approved the scope [&hellip;]<\/p>","protected":false},"author":1,"featured_media":0,"parent":0,"menu_order":0,"comment_status":"closed","ping_status":"closed","template":"templates-pages\/policy-template.php","meta":{"_acf_changed":false,"inline_featured_image":false,"footnotes":""},"class_list":["post-15","page","type-page","status-publish","hentry"],"acf":[],"yoast_head":"<!-- This site is optimized with the Yoast SEO plugin v24.1 - https:\/\/yoast.com\/wordpress\/plugins\/seo\/ -->\n<title>Refund Policy - Advexio<\/title>\n<meta name=\"robots\" content=\"index, follow, max-snippet:-1, max-image-preview:large, max-video-preview:-1\" \/>\n<link rel=\"canonical\" href=\"https:\/\/advexio.com\/de\/refund-policy\/\" \/>\n<meta property=\"og:locale\" content=\"de_DE\" \/>\n<meta property=\"og:type\" content=\"article\" \/>\n<meta property=\"og:title\" content=\"Refund Policy - Advexio\" \/>\n<meta property=\"og:description\" content=\"INTRODUCTION Luca Investment Sp. z O.O. and its brand Advexio are committed to providing high-quality services and transparency. Please review our refund policy, which outlines our approach regarding payments, service cancellations, and dissatisfaction with our services. NO REFUNDS Generally, we do not offer refunds once payments have been made. Once you have approved the scope [&hellip;]\" \/>\n<meta property=\"og:url\" content=\"https:\/\/advexio.com\/de\/refund-policy\/\" \/>\n<meta property=\"og:site_name\" content=\"Advexio\" \/>\n<meta property=\"article:modified_time\" content=\"2025-03-03T11:19:32+00:00\" \/>\n<meta property=\"og:image\" content=\"https:\/\/advexio.com\/wp-content\/uploads\/2025\/03\/1024-\u00d7-517.png\" \/>\n\t<meta property=\"og:image:width\" content=\"1024\" \/>\n\t<meta property=\"og:image:height\" content=\"512\" \/>\n\t<meta property=\"og:image:type\" content=\"image\/png\" \/>\n<meta name=\"twitter:card\" content=\"summary_large_image\" \/>\n<meta name=\"twitter:image\" content=\"https:\/\/advexio.com\/wp-content\/uploads\/2025\/03\/1024-\u00d7-517.png\" \/>\n<meta name=\"twitter:label1\" content=\"Gesch\u00e4tzte Lesezeit\" \/>\n\t<meta name=\"twitter:data1\" content=\"2\u00a0Minuten\" \/>\n<script type=\"application\/ld+json\" class=\"yoast-schema-graph\">{\"@context\":\"https:\/\/schema.org\",\"@graph\":[{\"@type\":\"WebPage\",\"@id\":\"https:\/\/advexio.com\/refund-policy\/\",\"url\":\"https:\/\/advexio.com\/refund-policy\/\",\"name\":\"Refund Policy - Advexio\",\"isPartOf\":{\"@id\":\"https:\/\/advexio.com\/#website\"},\"datePublished\":\"2024-12-17T15:59:42+00:00\",\"dateModified\":\"2025-03-03T11:19:32+00:00\",\"breadcrumb\":{\"@id\":\"https:\/\/advexio.com\/refund-policy\/#breadcrumb\"},\"inLanguage\":\"de\",\"potentialAction\":[{\"@type\":\"ReadAction\",\"target\":[\"https:\/\/advexio.com\/refund-policy\/\"]}]},{\"@type\":\"BreadcrumbList\",\"@id\":\"https:\/\/advexio.com\/refund-policy\/#breadcrumb\",\"itemListElement\":[{\"@type\":\"ListItem\",\"position\":1,\"name\":\"Home\",\"item\":\"https:\/\/advexio.com\/\"},{\"@type\":\"ListItem\",\"position\":2,\"name\":\"Refund Policy\"}]},{\"@type\":\"WebSite\",\"@id\":\"https:\/\/advexio.com\/#website\",\"url\":\"https:\/\/advexio.com\/\",\"name\":\"Advexio\",\"description\":\"\",\"potentialAction\":[{\"@type\":\"SearchAction\",\"target\":{\"@type\":\"EntryPoint\",\"urlTemplate\":\"https:\/\/advexio.com\/?s={search_term_string}\"},\"query-input\":{\"@type\":\"PropertyValueSpecification\",\"valueRequired\":true,\"valueName\":\"search_term_string\"}}],\"inLanguage\":\"de\"}]}<\/script>\n<!-- \/ Yoast SEO plugin. -->","yoast_head_json":{"title":"Refund Policy - Advexio","robots":{"index":"index","follow":"follow","max-snippet":"max-snippet:-1","max-image-preview":"max-image-preview:large","max-video-preview":"max-video-preview:-1"},"canonical":"https:\/\/advexio.com\/de\/refund-policy\/","og_locale":"de_DE","og_type":"article","og_title":"Refund Policy - Advexio","og_description":"INTRODUCTION Luca Investment Sp. z O.O. and its brand Advexio are committed to providing high-quality services and transparency. Please review our refund policy, which outlines our approach regarding payments, service cancellations, and dissatisfaction with our services. NO REFUNDS Generally, we do not offer refunds once payments have been made. Once you have approved the scope [&hellip;]","og_url":"https:\/\/advexio.com\/de\/refund-policy\/","og_site_name":"Advexio","article_modified_time":"2025-03-03T11:19:32+00:00","og_image":[{"width":1024,"height":512,"url":"https:\/\/advexio.com\/wp-content\/uploads\/2025\/03\/1024-\u00d7-517.png","type":"image\/png"}],"twitter_card":"summary_large_image","twitter_image":"https:\/\/advexio.com\/wp-content\/uploads\/2025\/03\/1024-\u00d7-517.png","twitter_misc":{"Gesch\u00e4tzte Lesezeit":"2\u00a0Minuten"},"schema":{"@context":"https:\/\/schema.org","@graph":[{"@type":"WebPage","@id":"https:\/\/advexio.com\/refund-policy\/","url":"https:\/\/advexio.com\/refund-policy\/","name":"Refund Policy - Advexio","isPartOf":{"@id":"https:\/\/advexio.com\/#website"},"datePublished":"2024-12-17T15:59:42+00:00","dateModified":"2025-03-03T11:19:32+00:00","breadcrumb":{"@id":"https:\/\/advexio.com\/refund-policy\/#breadcrumb"},"inLanguage":"de","potentialAction":[{"@type":"ReadAction","target":["https:\/\/advexio.com\/refund-policy\/"]}]},{"@type":"BreadcrumbList","@id":"https:\/\/advexio.com\/refund-policy\/#breadcrumb","itemListElement":[{"@type":"ListItem","position":1,"name":"Home","item":"https:\/\/advexio.com\/"},{"@type":"ListItem","position":2,"name":"Refund Policy"}]},{"@type":"WebSite","@id":"https:\/\/advexio.com\/#website","url":"https:\/\/advexio.com\/","name":"Advexio","description":"","potentialAction":[{"@type":"SearchAction","target":{"@type":"EntryPoint","urlTemplate":"https:\/\/advexio.com\/?s={search_term_string}"},"query-input":{"@type":"PropertyValueSpecification","valueRequired":true,"valueName":"search_term_string"}}],"inLanguage":"de"}]}},"_links":{"self":[{"href":"https:\/\/advexio.com\/de\/wp-json\/wp\/v2\/pages\/15","targetHints":{"allow":["GET"]}}],"collection":[{"href":"https:\/\/advexio.com\/de\/wp-json\/wp\/v2\/pages"}],"about":[{"href":"https:\/\/advexio.com\/de\/wp-json\/wp\/v2\/types\/page"}],"author":[{"embeddable":true,"href":"https:\/\/advexio.com\/de\/wp-json\/wp\/v2\/users\/1"}],"replies":[{"embeddable":true,"href":"https:\/\/advexio.com\/de\/wp-json\/wp\/v2\/comments?post=15"}],"version-history":[{"count":4,"href":"https:\/\/advexio.com\/de\/wp-json\/wp\/v2\/pages\/15\/revisions"}],"predecessor-version":[{"id":122,"href":"https:\/\/advexio.com\/de\/wp-json\/wp\/v2\/pages\/15\/revisions\/122"}],"wp:attachment":[{"href":"https:\/\/advexio.com\/de\/wp-json\/wp\/v2\/media?parent=15"}],"curies":[{"name":"wp","href":"https:\/\/api.w.org\/{rel}","templated":true}]}}